{"id":5687,"date":"2023-09-19T07:16:48","date_gmt":"2023-09-19T07:16:48","guid":{"rendered":"https:\/\/realizamostuproyecto.com\/accessibilitat\/"},"modified":"2023-09-19T08:54:39","modified_gmt":"2023-09-19T08:54:39","slug":"accessibilitat","status":"publish","type":"page","link":"https:\/\/realizamostuproyecto.com\/ca\/accessibilitat\/","title":{"rendered":"Accessibilitat"},"content":{"rendered":"\t\t<div data-elementor-type=\"wp-page\" data-elementor-id=\"5687\" class=\"elementor elementor-5687 elementor-5647\" data-elementor-post-type=\"page\">\n\t\t\t\t<div class=\"elementor-element elementor-element-7b8626e e-con-full e-flex e-con e-parent\" data-id=\"7b8626e\" data-element_type=\"container\" data-e-type=\"container\" data-settings=\"{&quot;background_background&quot;:&quot;classic&quot;}\">\n\t\t<div class=\"elementor-element elementor-element-2e1e845 e-con-full e-flex e-con e-parent\" data-id=\"2e1e845\" data-element_type=\"container\" data-e-type=\"container\">\n\t\t\t\t<div class=\"elementor-element elementor-element-a69e65c elementor-widget elementor-widget-heading\" data-id=\"a69e65c\" data-element_type=\"widget\" data-e-type=\"widget\" data-widget_type=\"heading.default\">\n\t\t\t\t<div class=\"elementor-widget-container\">\n\t\t\t\t\t<h2 class=\"elementor-heading-title elementor-size-default\">ACCESSIBILITAT<\/h2>\t\t\t\t<\/div>\n\t\t\t\t<\/div>\n\t\t\t\t<\/div>\n\t\t\t\t<\/div>\n\t\t<div class=\"elementor-element elementor-element-7a68608 e-con-full e-flex e-con e-parent\" data-id=\"7a68608\" data-element_type=\"container\" data-e-type=\"container\">\n\t\t<div class=\"elementor-element elementor-element-d02d096 e-con-full e-flex e-con e-parent\" data-id=\"d02d096\" data-element_type=\"container\" data-e-type=\"container\">\n\t\t<div class=\"elementor-element elementor-element-4c4766b e-con-full e-flex e-con e-parent\" data-id=\"4c4766b\" data-element_type=\"container\" data-e-type=\"container\">\n\t\t\t\t<div class=\"elementor-element elementor-element-3e0c094 elementor-widget elementor-widget-text-editor\" data-id=\"3e0c094\" data-element_type=\"widget\" data-e-type=\"widget\" data-widget_type=\"text-editor.default\">\n\t\t\t\t<div class=\"elementor-widget-container\">\n\t\t\t\t\t\t\t\t\t<p>La present declaraci\u00f3 d&#8217;accessibilitat s&#8217;aplica al lloc web realizamostuproyecto.com<\/p>\n<\/p>\n<p><strong>SITUACI\u00d3 DE COMPLIMENT<\/strong><\/p>\n<p>Aquest lloc web \u00e9s parcialment conforme amb l&#8217;RD 1112\/2018 a causa de les excepcions i a la falta de conformitat dels aspectes que s&#8217;indiquen en el seg\u00fcent punt.<\/p>\n<\/p>\n<p><strong>CONTINGUT NO ACCESSIBLE<\/strong><\/p>\n<p>El contingut que es recull a continuaci\u00f3 no \u00e9s accessible pel seg\u00fcent:<\/p>\n<ul>\n<li>Falta de conformitat amb l&#8217;RD 1112\/2018<\/li>\n<li>Podrien existir alguns aspectes de contrast que no compleixin els m\u00ednims exigits, 3:1, respecte als colors adjacents del fons de<br \/>la secci\u00f3 de la web en q\u00fcesti\u00f3. [9 .1.4.11 Contraste no textual]<\/li>\n<li>Podrien existir alguns elements no textuals no etiquetats correctament  [2 .5.3 Etiqueta en el nombre]  i [4.1.2 Nom funci\u00f3<br \/>i valor]<\/li>\n<li>Els cercadors busquen autom\u00e0ticament sense necessitat d&#8217;ordenar cap acci\u00f3 per part de l&#8217;usuari [3 .2.2 Al recibir entradas]<\/li>\n<li>Podrien existir alguns textos en un altre idioma no etiquetats correctament [3 .1.2 Idioma de las partes]<\/li>\n<li>Podrien existir errors de codi puntuals d&#8217;edici\u00f3 en alguna p\u00e0gina web. [4 .1.1 Procesamiento]<\/li>\n<li>C\u00e0rrega desproporcionada &#8211; No aplica.<\/li>\n<li>El contingut no entra dins de l&#8217;\u00e0mbit de la legislaci\u00f3 aplicable.<\/li>\n<\/ul>\n<p><strong>PREPARACI\u00d3 DE LA SEG\u00dcENT DECLARACI\u00d3 D&#8217;ACCESSIBILITAT<\/strong><\/p>\n<p>La present declaraci\u00f3 va ser preparada el 20 de febrer de 2023.<\/p>\n<p>El m\u00e8tode emprat per a preparar la declaraci\u00f3 ha estat una avaluaci\u00f3 manual duta a terme per AVANCEM AMB VOST\u00c8 S.L. (AVANNUBO).<\/p>\n<p>La Declaraci\u00f3 d&#8217;Accessibilitat ha estat revisada i actualitzada al febrer de 2023.<\/p>\n<p><strong>OBSERVACIONS I DADES DE CONTACTE<\/strong><\/p>\n<p>Pot realitzar comunicacions sobre requisits d&#8217;accessibilitat (article 10.2.a de l&#8217;RD 1112\/2018) com, per exemple:<\/p>\n<ul>\n<li>Informar sobre qualsevol possible incompliment per part d&#8217;aquest lloc web.<\/li>\n<li>Transmetre altres dificultats d&#8217;acc\u00e9s al contingut.<\/li>\n<li>Formular qualsevol altra consulta o suggeriment de millora relativa a l&#8217;accessibilitat del lloc web.<\/li>\n<\/ul>\n<p>A trav\u00e9s del formulari de contacte d&#8217;aquest lloc web o a trav\u00e9s del n\u00famero de tel\u00e8fon (+34) 932 21 96 01.<\/p>\n<p>Pot presentar:<\/p>\n<ul>\n<li>Queixa relativa al compliment dels requisits del RD<br \/>1112\/2018 o<\/li>\n<li>Sol\u00b7licitud d&#8217;Informaci\u00f3 accessible relativa a:<\/li>\n<li>Continguts que estan exclosos de l&#8217;\u00e0mbit d&#8217;aplicaci\u00f3 del RD 1112\/2018 segons el que s&#8217;estableix per l&#8217;article 3, apartat 4<\/li>\n<li>Continguts que estan exempts del compliment dels requisits d&#8217;accessibilitat per imposar una c\u00e0rrega desproporcionada.<\/li>\n<\/ul>\n<\/p>\n<p>En la Sol\u00b7licitud d&#8217;informaci\u00f3 accessible, s&#8217;ha de concretar, amb tota claredat, els fets, raons i petici\u00f3 que permetin constatar que es<br \/>tracta d&#8217;una sol\u00b7licitud raonable i leg\u00edtima.<\/p>\n<p>Les queixes i reclamacions sobre informaci\u00f3 accessible es realitzaran a trav\u00e9s de l&#8217;administraci\u00f3, i seran rebudes i tractades per Realizamos Tu Proyecto S.L..<\/p>\n<p><strong>PROCEDIMENT D&#8217;APLICACI\u00d3<\/strong><\/p>\n<p>Si una vegada realitzada una sol\u00b7licitud d&#8217;informaci\u00f3 accessible o queixa, aquesta hagu\u00e9s estat desestimada, no s&#8217;estigu\u00e9s d&#8217;acord amb la<br \/>decisi\u00f3 adoptada, o la resposta no compl\u00eds els requisits contemplats en l&#8217;article 12.5, la persona interessada podr\u00e0 iniciar una reclamaci\u00f3.<br \/>Igualment es podr\u00e0 iniciar una reclamaci\u00f3 en el cas que hagi transcorregut el termini de vint dies h\u00e0bils sense haver obtingut resposta.<\/p>\n<p>La reclamaci\u00f3 pot ser presentada trav\u00e9s de la Inst\u00e0ncia Gen\u00e8rica de la Seu electr\u00f2nica del Ministeri d&#8217;Assumptes Econ\u00f2mics i<br \/>Transformaci\u00f3 Digital, aix\u00ed com en la resta d&#8217;opcions recollides en la Llei 39\/ 2015, d&#8217;1 d&#8217;octubre, del Procediment Administratiu Com\u00fa de les Administracions P\u00fabliques. Les reclamacions seran rebudes i tractades per la Subdirecci\u00f3 General d&#8217;Inspecci\u00f3 de Serveis del Ministeri.<\/p>\n<p><strong>CONTINGUT OPCIONAL<\/strong><\/p>\n<p>Aquest portal est\u00e0 dissenyat per a poder canviar la grand\u00e0ria del text i el color, aix\u00ed com el fons de la p\u00e0gina mitjan\u00e7ant les opcions de<br \/>configuraci\u00f3 est\u00e0ndard dels navegadors.<\/p>\n<p>Si desitja canviar la grand\u00e0ria de lletra del text en els principals navegadors gr\u00e0fics utilitzi els seg\u00fcents men\u00fas:<\/p>\n<ul>\n<li>Internet Explorer, Mozilla y Firefox: Veure&gt; Tamany del<br \/>text<\/li>\n<li>Opera: Veure &gt; Zoom<\/li>\n<li>Safari: Veure &gt; Fer text m\u00e9s gran<\/li>\n<li>Chrome: Controla la p\u00e0gina actual &gt; Tamany del text<\/li>\n<\/ul>\n<p>Per a modificar la grand\u00e0ria de tot en la p\u00e0gina:<\/p>\n<ul>\n<li>Ctrl + + per a augmentar-ho<\/li>\n<li>Ctrl + \u2013 per a disminuir-ho<\/li>\n<li>Ctrl + 0 restaura la grand\u00e0ria original del text<\/li>\n<\/ul>\n<p>Si el que vol \u00e9s anul\u00b7lar la fulla d&#8217;estils o modificar el color del text, pot consultar la p\u00e0gina How to Change Text Size or Colors de la WAI, que es pot llegir tradu\u00efda a l&#8217;espanyol en Com canviar la grand\u00e0ria del text o colors?<\/p>\n\t\t\t\t\t\t\t\t<\/div>\n\t\t\t\t<\/div>\n\t\t\t\t<\/div>\n\t\t\t\t<\/div>\n\t\t\t\t<\/div>\n\t\t\t\t<\/div>\n\t\t","protected":false},"excerpt":{"rendered":"<p>ACCESSIBILITAT La present declaraci\u00f3 d&#8217;accessibilitat s&#8217;aplica al lloc web realizamostuproyecto.com SITUACI\u00d3 DE [&hellip;]<\/p>\n","protected":false},"author":1,"featured_media":0,"parent":0,"menu_order":0,"comment_status":"closed","ping_status":"closed","template":"","meta":{"footnotes":""},"class_list":["post-5687","page","type-page","status-publish","hentry"],"yoast_head":"<!-- This site is optimized with the Yoast SEO plugin v27.5 - https:\/\/yoast.com\/product\/yoast-seo-wordpress\/ -->\n<title>Accessibilitat - AXC Projects<\/title>\n<meta name=\"robots\" content=\"index, follow, max-snippet:-1, max-image-preview:large, max-video-preview:-1\" \/>\n<link rel=\"canonical\" href=\"https:\/\/realizamostuproyecto.com\/ca\/accessibilitat\/\" \/>\n<meta property=\"og:locale\" content=\"ca_ES\" \/>\n<meta property=\"og:type\" content=\"article\" \/>\n<meta property=\"og:title\" content=\"Accessibilitat - AXC Projects\" \/>\n<meta property=\"og:description\" content=\"ACCESSIBILITAT La present declaraci\u00f3 d&#8217;accessibilitat s&#8217;aplica al lloc web realizamostuproyecto.com SITUACI\u00d3 DE [&hellip;]\" \/>\n<meta property=\"og:url\" content=\"https:\/\/realizamostuproyecto.com\/ca\/accessibilitat\/\" \/>\n<meta property=\"og:site_name\" content=\"AXC Projects\" \/>\n<meta property=\"article:modified_time\" content=\"2023-09-19T08:54:39+00:00\" \/>\n<meta name=\"twitter:card\" content=\"summary_large_image\" \/>\n<meta name=\"twitter:label1\" content=\"Temps estimat de lectura\" \/>\n\t<meta name=\"twitter:data1\" content=\"3 minuts\" \/>\n<script type=\"application\/ld+json\" class=\"yoast-schema-graph\">{\"@context\":\"https:\\\/\\\/schema.org\",\"@graph\":[{\"@type\":\"WebPage\",\"@id\":\"https:\\\/\\\/realizamostuproyecto.com\\\/ca\\\/accessibilitat\\\/\",\"url\":\"https:\\\/\\\/realizamostuproyecto.com\\\/ca\\\/accessibilitat\\\/\",\"name\":\"Accessibilitat - AXC Projects\",\"isPartOf\":{\"@id\":\"https:\\\/\\\/realizamostuproyecto.com\\\/#website\"},\"datePublished\":\"2023-09-19T07:16:48+00:00\",\"dateModified\":\"2023-09-19T08:54:39+00:00\",\"breadcrumb\":{\"@id\":\"https:\\\/\\\/realizamostuproyecto.com\\\/ca\\\/accessibilitat\\\/#breadcrumb\"},\"inLanguage\":\"ca\",\"potentialAction\":[{\"@type\":\"ReadAction\",\"target\":[\"https:\\\/\\\/realizamostuproyecto.com\\\/ca\\\/accessibilitat\\\/\"]}]},{\"@type\":\"BreadcrumbList\",\"@id\":\"https:\\\/\\\/realizamostuproyecto.com\\\/ca\\\/accessibilitat\\\/#breadcrumb\",\"itemListElement\":[{\"@type\":\"ListItem\",\"position\":1,\"name\":\"Portada\",\"item\":\"https:\\\/\\\/realizamostuproyecto.com\\\/ca\\\/inici\\\/\"},{\"@type\":\"ListItem\",\"position\":2,\"name\":\"Accessibilitat\"}]},{\"@type\":\"WebSite\",\"@id\":\"https:\\\/\\\/realizamostuproyecto.com\\\/#website\",\"url\":\"https:\\\/\\\/realizamostuproyecto.com\\\/\",\"name\":\"AXC Projects\",\"description\":\"\",\"potentialAction\":[{\"@type\":\"SearchAction\",\"target\":{\"@type\":\"EntryPoint\",\"urlTemplate\":\"https:\\\/\\\/realizamostuproyecto.com\\\/?s={search_term_string}\"},\"query-input\":{\"@type\":\"PropertyValueSpecification\",\"valueRequired\":true,\"valueName\":\"search_term_string\"}}],\"inLanguage\":\"ca\"}]}<\/script>\n<!-- \/ Yoast SEO plugin. -->","yoast_head_json":{"title":"Accessibilitat - AXC Projects","robots":{"index":"index","follow":"follow","max-snippet":"max-snippet:-1","max-image-preview":"max-image-preview:large","max-video-preview":"max-video-preview:-1"},"canonical":"https:\/\/realizamostuproyecto.com\/ca\/accessibilitat\/","og_locale":"ca_ES","og_type":"article","og_title":"Accessibilitat - AXC Projects","og_description":"ACCESSIBILITAT La present declaraci\u00f3 d&#8217;accessibilitat s&#8217;aplica al lloc web realizamostuproyecto.com SITUACI\u00d3 DE [&hellip;]","og_url":"https:\/\/realizamostuproyecto.com\/ca\/accessibilitat\/","og_site_name":"AXC Projects","article_modified_time":"2023-09-19T08:54:39+00:00","twitter_card":"summary_large_image","twitter_misc":{"Temps estimat de lectura":"3 minuts"},"schema":{"@context":"https:\/\/schema.org","@graph":[{"@type":"WebPage","@id":"https:\/\/realizamostuproyecto.com\/ca\/accessibilitat\/","url":"https:\/\/realizamostuproyecto.com\/ca\/accessibilitat\/","name":"Accessibilitat - AXC Projects","isPartOf":{"@id":"https:\/\/realizamostuproyecto.com\/#website"},"datePublished":"2023-09-19T07:16:48+00:00","dateModified":"2023-09-19T08:54:39+00:00","breadcrumb":{"@id":"https:\/\/realizamostuproyecto.com\/ca\/accessibilitat\/#breadcrumb"},"inLanguage":"ca","potentialAction":[{"@type":"ReadAction","target":["https:\/\/realizamostuproyecto.com\/ca\/accessibilitat\/"]}]},{"@type":"BreadcrumbList","@id":"https:\/\/realizamostuproyecto.com\/ca\/accessibilitat\/#breadcrumb","itemListElement":[{"@type":"ListItem","position":1,"name":"Portada","item":"https:\/\/realizamostuproyecto.com\/ca\/inici\/"},{"@type":"ListItem","position":2,"name":"Accessibilitat"}]},{"@type":"WebSite","@id":"https:\/\/realizamostuproyecto.com\/#website","url":"https:\/\/realizamostuproyecto.com\/","name":"AXC Projects","description":"","potentialAction":[{"@type":"SearchAction","target":{"@type":"EntryPoint","urlTemplate":"https:\/\/realizamostuproyecto.com\/?s={search_term_string}"},"query-input":{"@type":"PropertyValueSpecification","valueRequired":true,"valueName":"search_term_string"}}],"inLanguage":"ca"}]}},"_links":{"self":[{"href":"https:\/\/realizamostuproyecto.com\/ca\/wp-json\/wp\/v2\/pages\/5687","targetHints":{"allow":["GET"]}}],"collection":[{"href":"https:\/\/realizamostuproyecto.com\/ca\/wp-json\/wp\/v2\/pages"}],"about":[{"href":"https:\/\/realizamostuproyecto.com\/ca\/wp-json\/wp\/v2\/types\/page"}],"author":[{"embeddable":true,"href":"https:\/\/realizamostuproyecto.com\/ca\/wp-json\/wp\/v2\/users\/1"}],"replies":[{"embeddable":true,"href":"https:\/\/realizamostuproyecto.com\/ca\/wp-json\/wp\/v2\/comments?post=5687"}],"version-history":[{"count":1,"href":"https:\/\/realizamostuproyecto.com\/ca\/wp-json\/wp\/v2\/pages\/5687\/revisions"}],"predecessor-version":[{"id":5689,"href":"https:\/\/realizamostuproyecto.com\/ca\/wp-json\/wp\/v2\/pages\/5687\/revisions\/5689"}],"wp:attachment":[{"href":"https:\/\/realizamostuproyecto.com\/ca\/wp-json\/wp\/v2\/media?parent=5687"}],"curies":[{"name":"wp","href":"https:\/\/api.w.org\/{rel}","templated":true}]}}