{"id":5706,"date":"2023-09-19T07:15:13","date_gmt":"2023-09-19T07:15:13","guid":{"rendered":"https:\/\/realizamostuproyecto.com\/politica-de-privacitat\/"},"modified":"2023-09-19T09:42:02","modified_gmt":"2023-09-19T09:42:02","slug":"politica-de-privacitat","status":"publish","type":"page","link":"https:\/\/realizamostuproyecto.com\/ca\/politica-de-privacitat\/","title":{"rendered":"Pol\u00edtica de privacitat"},"content":{"rendered":"\t\t<div data-elementor-type=\"wp-page\" data-elementor-id=\"5706\" class=\"elementor elementor-5706 elementor-5649\" data-elementor-post-type=\"page\">\n\t\t\t\t<div class=\"elementor-element elementor-element-7b8626e e-con-full e-flex e-con e-parent\" data-id=\"7b8626e\" data-element_type=\"container\" data-e-type=\"container\" data-settings=\"{&quot;background_background&quot;:&quot;classic&quot;}\">\n\t\t<div class=\"elementor-element elementor-element-2e1e845 e-con-full e-flex e-con e-parent\" data-id=\"2e1e845\" data-element_type=\"container\" data-e-type=\"container\">\n\t\t\t\t<div class=\"elementor-element elementor-element-a00a7ef elementor-widget elementor-widget-heading\" data-id=\"a00a7ef\" data-element_type=\"widget\" data-e-type=\"widget\" data-widget_type=\"heading.default\">\n\t\t\t\t<div class=\"elementor-widget-container\">\n\t\t\t\t\t<h2 class=\"elementor-heading-title elementor-size-default\">POL\u00cdTICA DE PRIVACITAT<\/h2>\t\t\t\t<\/div>\n\t\t\t\t<\/div>\n\t\t\t\t<\/div>\n\t\t\t\t<\/div>\n\t\t<div class=\"elementor-element elementor-element-7a68608 e-con-full e-flex e-con e-parent\" data-id=\"7a68608\" data-element_type=\"container\" data-e-type=\"container\">\n\t\t<div class=\"elementor-element elementor-element-a731ba0 e-con-full e-flex e-con e-parent\" data-id=\"a731ba0\" data-element_type=\"container\" data-e-type=\"container\">\n\t\t\t\t<div class=\"elementor-element elementor-element-d7d1ac3 elementor-widget elementor-widget-text-editor\" data-id=\"d7d1ac3\" data-element_type=\"widget\" data-e-type=\"widget\" data-widget_type=\"text-editor.default\">\n\t\t\t\t<div class=\"elementor-widget-container\">\n\t\t\t\t\t\t\t\t\t<p><strong>INTRODUCCI\u00d3<br \/><\/strong><\/p>\n<p>La seva privacitat \u00e9s important per a nosaltres, aix\u00ed que, mitjan\u00e7ant aquest document, li expliquem quines dades recollim dels usuaris, com els utilitzem i per a qu\u00e8, entre altres indicacions. Els majors de 14 anys podran registrar-se com a usuaris sense el previ consentiment dels seus pares, tutors o representants legals. En cas de menors de 14 anys o identificats com a &#8220;incapa\u00e7os legalment&#8221;, sempre necessitarem del consentiment patern, o del tutor \/ a o representant legal.<\/p>\n<p>Per a la seva informaci\u00f3, mai demanarem m\u00e9s informaci\u00f3 de la que realment necessitarem per als serveis requerits; mai la compartirem amb tercers, excepte per obligaci\u00f3 legal o amb la seva autoritzaci\u00f3 pr\u00e8via; i mai utilitzarem les seves dades per a una altra finalitat no indicada pr\u00e8viament.<\/p>\n<p>Com a usuaris, haur\u00e0 de llegir atentament aquesta Pol\u00edtica de privacitat de manera regular, i sempre que introdueixi les seves dades personals, ja que aquest document pot sofrir modificacions ja que el prestador pot modificar qualsevol tipus d&#8217;informaci\u00f3 que pogu\u00e9s apar\u00e8ixer en la web per a complir amb la normativa o actualitzar la pol\u00edtica, i sense que existeixi l&#8217;obligaci\u00f3 de preavisar o posar en coneixement dels usuaris aquestes obligacions, sent suficients la publicaci\u00f3 en el lloc web del prestador.<\/p>\n<p>Realizamos Tu Proyecto S.L., com a responsable del lloc web, de conformitat amb el que es disposa en el Reglament (UE) 2016\/679 de 27 d&#8217;abril de 2016 (RGPD) relatiu a la protecci\u00f3 de les persones f\u00edsiques pel que fa al tractament de dades personals ja la lliure circulaci\u00f3 d&#8217;aquestes dades i altra normativa vigent en mat\u00e8ria de protecci\u00f3 de dades personals, i per la Llei 34\/2002, d&#8217;11 de juliol, de Serveis de la Societat de la Informaci\u00f3 i del Comer\u00e7 Electr\u00f2nic (LSSICE), l&#8217;informa que t\u00e9 implementades les mesures de seguretat necess\u00e0ries, d&#8217;\u00edndole t\u00e8cnica i organitzatives, per a garantir i protegir la confidencialitat, integritat i disponibilitat de les dades introdu\u00efdes.<\/p>\n<p>M\u00c8TODE D&#8217;OBTENCI\u00d3 DE LES DADES i DADES QUE RECAPTEM: Les dades que recollim i com les obtenim \u00e9s la seg\u00fcent:<\/p>\n<ol>\n<li>mitjan\u00e7ant el formulari de contacte: nom, email, tel\u00e8fon,<\/li>\n<li>mitjan\u00e7ant el formulari de comentaris en el blog: nom, email,<\/li>\n<li>mitjan\u00e7ant el formulari de \u201ctreballa amb nosaltres\u201d: nom, email CV<\/li>\n<\/ol>\n<p>No es tracten categories de dades especialment protegides.<\/p>\n<\/p>\n<p><strong>FINALITAT DEL TRACTAMENT:<br \/><\/strong><\/p>\n<p>Les seves dades personals nom\u00e9s s&#8217;utilitzaran per a les seg\u00fcents finalitats, prestant el seu consentiment per a cadascuna de les finalitats en l&#8217;apartat corresponent de la web:<\/p>\n<ol>\n<li>formulari de contacte: per a respondre a les consultes i \/ o proporcionar informacions requerides per l&#8217;Usuari;\n<\/li>\n<li>formulari de registre: per a la creaci\u00f3 d&#8217;un compte d&#8217;usuari en els casos en qu\u00e8 l&#8217;usuari sigui pr\u00e8viament client i l&#8217;alta la gestioni el prestador;\n<\/li>\n<li>formulari de subscripci\u00f3 a la newsletter: per a remetre les comunicacions comercials publicit\u00e0ries per email, SMS, comunitats socials o qualsevol altre mig electr\u00f2nic o f\u00edsic, en cas que l&#8217;Usuari l&#8217;hagi consentit expressament;\n<\/li>\n<li>formulari de comentaris en el blog: l&#8217;usuari podr\u00e0 comentar dins del blog, tant per a plantejar q\u00fcestions com per a respondre preguntes;\n<\/li>\n<li>formulari \u201ctreballa amb nosaltres\u201d: fer part\u00edcip a l&#8217;interessat en els processos de selecci\u00f3 de personal oberts actualment o per a futurs processos en el qual el candidat pugui encaixar, no podent ser utilitzats per a altres finalitats.\n<\/li>\n<li>Altres finalitats:o Realitzar les gestions comercials, administratives, fiscals, comptables que siguin necess\u00e0ries en virtut de la legislaci\u00f3 vigent;<br \/>&#8211; Con\u00e8ixer la seva opini\u00f3 i millorar els serveis prestats per la web;<br \/>&#8211; Realitzaci\u00f3 d&#8217;an\u00e0lisi d&#8217;usabilitat de la web, a trav\u00e9s de les cookies (esmentades en la pol\u00edtica de cookies);<br \/>&#8211; Xarxes socials: en l&#8217;apartat corresponent s&#8217;especifica l&#8217;\u00fas de les xarxes socials.<br \/>Les fotografies que estiguin penjades en la web s\u00f3n propietat de Realizamos Tu Proyecto S.L..<\/li>\n<\/ol>\n<p>Pot revocar en qualsevol moment el seu consentiment remetent un escrit amb l&#8217;assumpte &#8220;Baixa&#8221; en el mail ressenyat.<\/p>\n<p>D&#8217;acord amb la LSSICE, Realizamos Tu Proyecto S.L. no realitza pr\u00e0ctiques de SPAM, per tant, no envia correus comercials per e-mail que no hagin estat pr\u00e8viament sol\u00b7licitats o autoritzats per l&#8217;Usuari. En conseq\u00fc\u00e8ncia, en totes les comunicacions que rebr\u00e0 del prestador, l&#8217;usuari t\u00e9 la possibilitat de cancel\u00b7lar el seu consentiment expr\u00e9s per a rebre les nostres comunicacions.<\/p>\n<p>No tractarem les seves dades personals per a cap altre fi de les descrites excepte per obligaci\u00f3 legal o requeriment judicial.<\/p>\n<p>No ser\u00e0 objecte de decisions basades en tractaments automatitzats que produeixin efectes sobre les seves dades.<\/p>\n<p><strong>LEGITIMACI\u00d3 DEL TRACTAMENT<br \/><\/strong><\/p>\n<p>La base legal per al tractament de les dades \u00e9s el seu consentiment atorgat en el moment de donar les seves dades en el formulari corresponent per a dur a terme les finalitats, en el moment de marcaci\u00f3 de la casella de verificaci\u00f3.<\/p>\n<p>El no facilitar les dades personals sol\u00b7licitades o el no acceptar la present pol\u00edtica de privacitat suposa la impossibilitat d&#8217;aconseguir les finalitats anteriorment descrites.<\/p>\n<p>En els casos en qu\u00e8 hi hagi una pr\u00e8via relaci\u00f3 contractual entre les parts, la legitimaci\u00f3 per al desenvolupament de les obligacions administratives, fiscals, comptables i laborals que siguin necess\u00e0ries en virtut de la legislaci\u00f3 vigent ser\u00e0 l&#8217;exist\u00e8ncia pr\u00e8via de la relaci\u00f3 comercial establerta entre les parts.<\/p>\n<p>L&#8217;oferta prospectiva o comercial de productes i serveis est\u00e0 basada en el consentiment que se li sol\u00b7licita, sense que en cap cas la retirada d&#8217;aquest consentiment condicioni l&#8217;execuci\u00f3 del contracte de subscripci\u00f3.<\/p>\n<\/p>\n<p><strong>TERMINI DE CONSERVACI\u00d3 DE LES DADES:<br \/><\/strong><\/p>\n<p>Les seves dades es conservaran mentre duri la relaci\u00f3 comercial amb nosaltres o exerceix el seu dret de cancel\u00b7laci\u00f3 o oposici\u00f3, o limitaci\u00f3 al tractament. No obstant aix\u00f2, conservarem les seves dades en els terminis legalment previstos en les disposicions aplicables.<\/p>\n<p><strong>DESTINATARIS DE CESSIONS O TRANSFER\u00c8NCIES:<br \/><\/strong><\/p>\n<p>Realizamos Tu Proyecto S.L. \u00fanicament facilitar\u00e0 informaci\u00f3 a les forces i cossos de seguretat sota ordre judicial o per obligaci\u00f3 d&#8217;una norma legal, sense perjudici de poder bloquejar o cancel\u00b7lar el seu compte si pot haver-hi indicis de la comissi\u00f3 d&#8217;algun delicte per part de l&#8217;usuari. La informaci\u00f3 facilitada ser\u00e0 solament la que disposi en aquest moment el prestador.<\/p>\n<p>La informaci\u00f3 que ens proporcioni a trav\u00e9s d&#8217;aquest lloc web ser\u00e0 allotjada en els servidors de AVANNUBO, contractats a l&#8217;empresa que presta el servei d&#8217;allotjament de la web. El tractament de les dades de l&#8217;entitat es troba regulat mitjan\u00e7ant un contracte d&#8217;encarregat del tractament entre el prestador i aquesta empresa. <\/p>\n<p>Aix\u00ed mateix, el prestador utilitza determinades eines per a prestar serveis necessaris per al desenvolupament de l&#8217;activitat, podent emmagatzemar les seves dades. Aquestes eines s\u00f3n les seg\u00fcents:<\/p>\n<p>Google Analytics: per a realitzar una an\u00e0lisi i m\u00e8trica de l&#8217;\u00fas que els usuaris fan de la web a trav\u00e9s de les cookies. La informaci\u00f3 que generen i recopilen aquestes cookies sobre l&#8217;\u00fas (incloent l&#8217;adre\u00e7a IP) ser\u00e0 directament transmesa i arxivada per Google Inc., situada a Delaware, 1600 Amphitheatre Parkway, muntar\u00e9 View (Calif\u00f2rnia), CA 94043 dels Estats Units ( &#8221; Google &#8220;), en els seus servidors dels Estats Units.<\/p>\n<p>Email M\u00e0rqueting: s&#8217;utilitza per al servei de mail m\u00e0rqueting: The Rocket Science Group, LLC 675 Ponce de Leon Ocell NE Suite 5000 Atlanta, GA 30308 USA, empresa del grup Intuit Inc.<\/p>\n<p>DRETS DE LES PERSONES INTERESSADES:<\/p>\n<p>Com a usuari-interessat, pot sol\u00b7licitar l&#8217;exercici dels seg\u00fcents drets davant Realizamos Tu Proyecto S.L. presentant un escrit a l&#8217;adre\u00e7a postal de l&#8217;encap\u00e7alament o enviant un correu electr\u00f2nic a projectmanager@axcprojects.com, indicant com a Assumpte: &#8220;PROTECCI\u00d3 DE DADES: DRETS DELS AFECTATS &#8220;, i adjuntant fotoc\u00f2pia del seu DNI o qualsevol mitj\u00e0 an\u00e0leg en dret, tal com indica la llei.<\/p>\n<p><strong>Drets:<br \/><\/strong><\/p>\n<ul>\n<li>Dret d&#8217;acc\u00e9s: permet a l&#8217;interessat con\u00e8ixer i obtenir informaci\u00f3 sobre les seves dades de car\u00e0cter personal sotmesos a tractament.<\/li>\n<li>Dret de rectificaci\u00f3 o supressi\u00f3: permet corregir errors i modificar les dades que resultin ser inexactes o incomplets<\/li>\n<li>Dret de cancel\u00b7laci\u00f3: permet que se suprimeixin les dades que siguin inadequats o excessius<\/li>\n<li>Dret d&#8217;oposici\u00f3: dret de l&#8217;interessat al fet que no es dugui a terme el tractament de les seves dades de car\u00e0cter personal o se cessi en aquest.<\/li>\n<li>Limitaci\u00f3 del tractament: comporta el marcat de les dades personals conservades, amb la finalitat de limitar el seu futur tractament, per a l&#8217;exercici o la defensa de reclamacions.<\/li>\n<li>Portabilitat de les dades: facilitaci\u00f3 de les dades objecte de tractament a l&#8217;interessat, perqu\u00e8 aquest pugui transmetre a un altre responsable, sense impediments.<\/li>\n<li>Dret a no ser objecte de decisions individuals automatitzades (inclosa l&#8217;elaboraci\u00f3 de perfils): dret a no ser objecte d&#8217;una decisi\u00f3 basada en el tractament automatitzat que produeixi efectes o afecti significativament<\/li>\n<li>Com a usuari, t\u00e9 dret a retirar el consentiment donat en qualsevol moment. La retirada del consentiment no afectar\u00e0 la licitud del tractament efectuat abans de la retirada del consentiment.<\/li>\n<li>Tamb\u00e9 t\u00e9 dret a presentar una reclamaci\u00f3 davant l&#8217;autoritat de control si considera que poden haver-se vist vulnerats els seus drets en relaci\u00f3 a la protecci\u00f3 de les seves dades (aepd.es).<\/li>\n<\/ul>\n<p><strong>MESURES DE SEGURETAT:<\/strong><\/p>\n<p>Les dades que ens faciliti es tractaran de manera confidencial. El prestador ha adoptat totes les mesures t\u00e8cniques i organitzatives i tots els nivells de protecci\u00f3 necessaris per a garantir la seguretat en el tractament de les dades i evitar la seva alteraci\u00f3, p\u00e8rdua, robatori, tractament o acc\u00e9s no autoritzat, d&#8217;acord amb l&#8217;estat de la tecnologia i naturalesa de les dades emmagatzemades. Aix\u00ed mateix, es garanteix tamb\u00e9 que el tractament i registre en fitxers, programes, sistemes o equips, locals i centres compleixen amb els requisits i condicions d&#8217;integritat i seguretat establertes en la normativa vigent.<\/p>\n<p><strong>IDIOMA<br \/><\/strong><\/p>\n<p>L&#8217;idioma aplicable a aquesta pol\u00edtica de privacitat \u00e9s el castell\u00e0. Per tant, en cas que hi hagu\u00e9s alguna contradicci\u00f3 en alguna de les versions facilitades en altres idiomes, prevaldr\u00e0 la versi\u00f3 en castell\u00e0.<\/p>\n<\/p>\n<p><strong>XARXES SOCIALS<\/strong><\/p>\n<p>L&#8217;informem que Realizamos Tu Proyecto S.L. pot tenir pres\u00e8ncia en xarxes socials. El tractament de les dades que es dugui a terme de les persones que es facin seguidores en les xarxes socials (i \/ o realitzin qualsevol vincle o acci\u00f3 de connexi\u00f3 a trav\u00e9s de les xarxes socials) de les p\u00e0gines oficials de Realizamos Tu Proyecto S.L. es regir\u00e0 per aquest apartat, aix\u00ed com per a aquelles condicions d&#8217;\u00fas, pol\u00edtiques de privacitat i normatives d&#8217;acc\u00e9s que pertanyin a la xarxa social que procedeixi en cada cas i acceptades pr\u00e8viament per l&#8217;usuari.<\/p>\n<p>Realizamos Tu Proyecto S.L. tractar\u00e0 les seves dades amb les finalitats d&#8217;administrar correctament la seva pres\u00e8ncia en la xarxa social, informant d&#8217;activitats, productes o serveis del prestador, aix\u00ed com per a qualsevol altra finalitat que les normatives de les Xarxes Socials permetin.<\/p>\n<p>Queda prohibida la publicaci\u00f3 de continguts:<\/p>\n<ul>\n<li>Que siguin presumptament il\u00b7l\u00edcits per la normativa nacional, comunit\u00e0ria o internacional o que realitzin activitats presumptament il\u00b7l\u00edcites o contravinguin els principis de la bona fe.<\/li>\n<li>Que atemptin contra els drets fonamentals de les persones, faltin a la cortesia en la xarxa, molestin o puguin generar opinions negatives en els nostres usuaris o tercers i en general qualssevol siguin els continguts que Realizamos Tu Proyecto S.L. consideri inapropiats.a\n<\/li>\n<li>I en general que contravinguin els principis de legalitat, honradesa, responsabilitat, protecci\u00f3 de la dignitat humana, protecci\u00f3 de menors, protecci\u00f3 de l&#8217;ordre p\u00fablic, la protecci\u00f3 de la vida privada, la protecci\u00f3 del consumidor i els drets de propietat intel\u00b7lectual i industrial.\n<\/li>\n<\/ul>\n<p>Aix\u00ed mateix, Realizamos Tu Proyecto S.L. es reserva la potestat de retirar, sense previ av\u00eds del lloc web o de la xarxa social corporativa aquells continguts que es consideren inadequats.<\/p>\n<p>En tot cas, si Vost\u00e8 remet informaci\u00f3 personal a trav\u00e9s de la xarxa social, Realizamos Tu Proyecto S.L. quedar\u00e0 exempt de responsabilitat en relaci\u00f3 amb les mesures de seguretat aplicables a la present plataforma i l&#8217;usuari, en cas de voler con\u00e8ixer-les, ha de consultar les corresponents condicions particulars de la xarxa en q\u00fcesti\u00f3.<\/p>\n<\/p>\n<p><strong>ENVIO CV<\/strong><\/p>\n<p>En cas que l&#8217;usuari envi\u00ef el seu CV a trav\u00e9s de la nostra web, se l&#8217;informa que les dades aportades seran tractats per fer-ho part\u00edcip dels processos de selecci\u00f3 que pugui haver-hi, duent a terme una an\u00e0lisi del perfil del sol\u00b7licitant amb l&#8217;objectiu de seleccionar el millor candidat per al lloc vacant del Responsable. Informem que aquest \u00e9s l&#8217;\u00fanic procediment oficial per a acceptar el seu curr\u00edculum, per la qual cosa no s&#8217;acceptaran els curr\u00edculums remesos per un altre procediment diferent. En cas de produir-se alguna modificaci\u00f3 en les dades, li preguem que ens ho comuniqui per escrit al m\u00e9s aviat possible, a fi de mantenir les seves dades degudament actualitzades.<\/p>\n<p>Les dades es conservaran durant un termini m\u00e0xim d&#8217;un any transcorregut el qual es procedir\u00e0 a la supressi\u00f3 de les dades garantint un total respecte a la confidencialitat tant en el tractament com en la seva posterior destrucci\u00f3. En aquest sentit, transcorregut aquest termini, i si desitja continuar participant en els processos de selecci\u00f3 del Responsable, li preguem que ens remeti novament el seu curr\u00edculum.<\/p>\n<\/p>\n<p><strong>PUBLICACI\u00d3 DEL SEU COMENTARI<\/strong><\/p>\n<p>En cas que l&#8217;usuari vulgui publicar el seu comentari en la web, l&#8217;informem que les dades aportades seran tractats per a atendre els suggeriments proposats, experi\u00e8ncies o opinions respecte dels serveis per a ser publicades en la p\u00e0gina web i aix\u00ed poder ajudar a altres usuaris. Les dades es conservaran mentre hi hagi un inter\u00e8s mutu per a mantenir la fi del tractament i quan ja no sigui necessari per a tal fi, se suprimiran amb mesures de seguretat adequades per a garantir la seudonimizaci\u00f3n de les dades o destrucci\u00f3 total d&#8217;aquests. Els testimonis es publicaran en la nostra p\u00e0gina web. L&#8217;\u00fanica dada personal que es publicar\u00e0 de l&#8217;usuari ser\u00e0 el seu nom.<\/p>\n<\/p>\n<p><strong>VIDEOVIGIL\u00c0NCIA<br \/><\/strong><\/p>\n<p>Es capten imatges amb la finalitat de preservar la seguretat de les persones i b\u00e9ns, aix\u00ed com de les instal\u00b7lacions. <\/p>\n<p>S&#8217;informa l&#8217;usuari mitjan\u00e7ant un cartell de videovigil\u00e0ncia situat en lloc previ a la c\u00e0mera i prou visible que informa que les instal\u00b7lacions estan videovigiladas.<\/p>\n<p>No es preveuen cessions, excepte a les Forces i cossos de seguretat, ni tampoc es realitzar\u00e0 cap transfer\u00e8ncia internacional de dades.<\/p>\n<p>Les imatges es conservaran durant el per\u00edode m\u00e0xim de 30 dies des de la seva captaci\u00f3. Una vegada transcorregut aquest termini les imatges hauran de ser cancel\u00b7lades, d&#8217;acord amb la normativa vigent. La qual disposa: \u201cla cancel\u00b7laci\u00f3 donar\u00e0 lloc al bloqueig de les dades, conservant-se \u00fanicament a la disposici\u00f3 de les Administracions P\u00fabliques, Jutges i Tribunals, per a l&#8217;atenci\u00f3 de les possibles responsabilitats nascudes del tractament, durant el termini de prescripci\u00f3 d&#8217;aquestes. Complert el citat termini haur\u00e0 de procedir-se a la supressi\u00f3.\u201d<\/p>\n<\/p>\n<p><strong>CANVIS EN LA PRESENT POL\u00cdTICA DE PRIVACITAT<br \/><\/strong><\/p>\n<p>Realizamos Tu Proyecto S.L. es reserva el dret a modificar la present pol\u00edtica per a adaptar-la a novetats legislatives o jurisprudencials.<\/p>\n<\/p>\n<p><strong>REVOCABILITAT<br \/><\/strong><\/p>\n<p>El consentiment prestat, tant pel tractament com per a la cessi\u00f3 de les dades dels interessats, \u00e9s revocable en qualsevol moment comunicant-lo a Realizamos Tu Proyecto S.L. en els termes establerts en aquesta Pol\u00edtica per a l&#8217;exercici dels drets. Aquesta revocaci\u00f3 en cap cas tindr\u00e0 car\u00e0cter retroactiu.<\/p>\n<\/p>\n<p><strong>LEGISLACI\u00d3<br \/><\/strong><\/p>\n<p>Amb car\u00e0cter general les relacions entre Realizamos Tu Proyecto S.L. amb els Usuaris dels seus serveis telem\u00e0tics, presents en aquesta web, estan sotmesos a la legislaci\u00f3 i jurisdicci\u00f3 espanyola a la qual se sotmeten expressament les parts, sent competents per a la resoluci\u00f3 de tots els conflictes derivats o relacionats amb el seu \u00fas els Jutjats i Tribunals de Barcelona.<\/p>\n\t\t\t\t\t\t\t\t<\/div>\n\t\t\t\t<\/div>\n\t\t\t\t<\/div>\n\t\t\t\t<\/div>\n\t\t\t\t<\/div>\n\t\t","protected":false},"excerpt":{"rendered":"<p>POL\u00cdTICA DE PRIVACITAT INTRODUCCI\u00d3 La seva privacitat \u00e9s important per a nosaltres, [&hellip;]<\/p>\n","protected":false},"author":1,"featured_media":0,"parent":0,"menu_order":0,"comment_status":"closed","ping_status":"closed","template":"","meta":{"footnotes":""},"class_list":["post-5706","page","type-page","status-publish","hentry"],"yoast_head":"<!-- This site is optimized with the Yoast SEO plugin v27.5 - https:\/\/yoast.com\/product\/yoast-seo-wordpress\/ -->\n<title>Pol\u00edtica de privacitat - AXC Projects<\/title>\n<meta name=\"robots\" content=\"index, follow, max-snippet:-1, max-image-preview:large, max-video-preview:-1\" \/>\n<link rel=\"canonical\" href=\"https:\/\/realizamostuproyecto.com\/ca\/politica-de-privacitat\/\" \/>\n<meta property=\"og:locale\" content=\"ca_ES\" \/>\n<meta property=\"og:type\" content=\"article\" \/>\n<meta property=\"og:title\" content=\"Pol\u00edtica de privacitat - AXC Projects\" \/>\n<meta property=\"og:description\" content=\"POL\u00cdTICA DE PRIVACITAT INTRODUCCI\u00d3 La seva privacitat \u00e9s important per a nosaltres, [&hellip;]\" \/>\n<meta property=\"og:url\" content=\"https:\/\/realizamostuproyecto.com\/ca\/politica-de-privacitat\/\" \/>\n<meta property=\"og:site_name\" content=\"AXC Projects\" \/>\n<meta property=\"article:modified_time\" content=\"2023-09-19T09:42:02+00:00\" \/>\n<meta name=\"twitter:card\" content=\"summary_large_image\" \/>\n<meta name=\"twitter:label1\" content=\"Temps estimat de lectura\" \/>\n\t<meta name=\"twitter:data1\" content=\"13 minuts\" \/>\n<script type=\"application\/ld+json\" class=\"yoast-schema-graph\">{\"@context\":\"https:\\\/\\\/schema.org\",\"@graph\":[{\"@type\":\"WebPage\",\"@id\":\"https:\\\/\\\/realizamostuproyecto.com\\\/ca\\\/politica-de-privacitat\\\/\",\"url\":\"https:\\\/\\\/realizamostuproyecto.com\\\/ca\\\/politica-de-privacitat\\\/\",\"name\":\"Pol\u00edtica de privacitat - AXC Projects\",\"isPartOf\":{\"@id\":\"https:\\\/\\\/realizamostuproyecto.com\\\/#website\"},\"datePublished\":\"2023-09-19T07:15:13+00:00\",\"dateModified\":\"2023-09-19T09:42:02+00:00\",\"breadcrumb\":{\"@id\":\"https:\\\/\\\/realizamostuproyecto.com\\\/ca\\\/politica-de-privacitat\\\/#breadcrumb\"},\"inLanguage\":\"ca\",\"potentialAction\":[{\"@type\":\"ReadAction\",\"target\":[\"https:\\\/\\\/realizamostuproyecto.com\\\/ca\\\/politica-de-privacitat\\\/\"]}]},{\"@type\":\"BreadcrumbList\",\"@id\":\"https:\\\/\\\/realizamostuproyecto.com\\\/ca\\\/politica-de-privacitat\\\/#breadcrumb\",\"itemListElement\":[{\"@type\":\"ListItem\",\"position\":1,\"name\":\"Portada\",\"item\":\"https:\\\/\\\/realizamostuproyecto.com\\\/ca\\\/inici\\\/\"},{\"@type\":\"ListItem\",\"position\":2,\"name\":\"Pol\u00edtica de privacitat\"}]},{\"@type\":\"WebSite\",\"@id\":\"https:\\\/\\\/realizamostuproyecto.com\\\/#website\",\"url\":\"https:\\\/\\\/realizamostuproyecto.com\\\/\",\"name\":\"AXC Projects\",\"description\":\"\",\"potentialAction\":[{\"@type\":\"SearchAction\",\"target\":{\"@type\":\"EntryPoint\",\"urlTemplate\":\"https:\\\/\\\/realizamostuproyecto.com\\\/?s={search_term_string}\"},\"query-input\":{\"@type\":\"PropertyValueSpecification\",\"valueRequired\":true,\"valueName\":\"search_term_string\"}}],\"inLanguage\":\"ca\"}]}<\/script>\n<!-- \/ Yoast SEO plugin. -->","yoast_head_json":{"title":"Pol\u00edtica de privacitat - AXC Projects","robots":{"index":"index","follow":"follow","max-snippet":"max-snippet:-1","max-image-preview":"max-image-preview:large","max-video-preview":"max-video-preview:-1"},"canonical":"https:\/\/realizamostuproyecto.com\/ca\/politica-de-privacitat\/","og_locale":"ca_ES","og_type":"article","og_title":"Pol\u00edtica de privacitat - AXC Projects","og_description":"POL\u00cdTICA DE PRIVACITAT INTRODUCCI\u00d3 La seva privacitat \u00e9s important per a nosaltres, [&hellip;]","og_url":"https:\/\/realizamostuproyecto.com\/ca\/politica-de-privacitat\/","og_site_name":"AXC Projects","article_modified_time":"2023-09-19T09:42:02+00:00","twitter_card":"summary_large_image","twitter_misc":{"Temps estimat de lectura":"13 minuts"},"schema":{"@context":"https:\/\/schema.org","@graph":[{"@type":"WebPage","@id":"https:\/\/realizamostuproyecto.com\/ca\/politica-de-privacitat\/","url":"https:\/\/realizamostuproyecto.com\/ca\/politica-de-privacitat\/","name":"Pol\u00edtica de privacitat - AXC Projects","isPartOf":{"@id":"https:\/\/realizamostuproyecto.com\/#website"},"datePublished":"2023-09-19T07:15:13+00:00","dateModified":"2023-09-19T09:42:02+00:00","breadcrumb":{"@id":"https:\/\/realizamostuproyecto.com\/ca\/politica-de-privacitat\/#breadcrumb"},"inLanguage":"ca","potentialAction":[{"@type":"ReadAction","target":["https:\/\/realizamostuproyecto.com\/ca\/politica-de-privacitat\/"]}]},{"@type":"BreadcrumbList","@id":"https:\/\/realizamostuproyecto.com\/ca\/politica-de-privacitat\/#breadcrumb","itemListElement":[{"@type":"ListItem","position":1,"name":"Portada","item":"https:\/\/realizamostuproyecto.com\/ca\/inici\/"},{"@type":"ListItem","position":2,"name":"Pol\u00edtica de privacitat"}]},{"@type":"WebSite","@id":"https:\/\/realizamostuproyecto.com\/#website","url":"https:\/\/realizamostuproyecto.com\/","name":"AXC Projects","description":"","potentialAction":[{"@type":"SearchAction","target":{"@type":"EntryPoint","urlTemplate":"https:\/\/realizamostuproyecto.com\/?s={search_term_string}"},"query-input":{"@type":"PropertyValueSpecification","valueRequired":true,"valueName":"search_term_string"}}],"inLanguage":"ca"}]}},"_links":{"self":[{"href":"https:\/\/realizamostuproyecto.com\/ca\/wp-json\/wp\/v2\/pages\/5706","targetHints":{"allow":["GET"]}}],"collection":[{"href":"https:\/\/realizamostuproyecto.com\/ca\/wp-json\/wp\/v2\/pages"}],"about":[{"href":"https:\/\/realizamostuproyecto.com\/ca\/wp-json\/wp\/v2\/types\/page"}],"author":[{"embeddable":true,"href":"https:\/\/realizamostuproyecto.com\/ca\/wp-json\/wp\/v2\/users\/1"}],"replies":[{"embeddable":true,"href":"https:\/\/realizamostuproyecto.com\/ca\/wp-json\/wp\/v2\/comments?post=5706"}],"version-history":[{"count":1,"href":"https:\/\/realizamostuproyecto.com\/ca\/wp-json\/wp\/v2\/pages\/5706\/revisions"}],"predecessor-version":[{"id":5708,"href":"https:\/\/realizamostuproyecto.com\/ca\/wp-json\/wp\/v2\/pages\/5706\/revisions\/5708"}],"wp:attachment":[{"href":"https:\/\/realizamostuproyecto.com\/ca\/wp-json\/wp\/v2\/media?parent=5706"}],"curies":[{"name":"wp","href":"https:\/\/api.w.org\/{rel}","templated":true}]}}