{"id":5709,"date":"2023-08-29T09:01:59","date_gmt":"2023-08-29T09:01:59","guid":{"rendered":"https:\/\/realizamostuproyecto.com\/nosaltres\/"},"modified":"2023-09-19T09:43:27","modified_gmt":"2023-09-19T09:43:27","slug":"nosaltres","status":"publish","type":"page","link":"https:\/\/realizamostuproyecto.com\/ca\/nosaltres\/","title":{"rendered":"Nosaltres"},"content":{"rendered":"\t\t<div data-elementor-type=\"wp-page\" data-elementor-id=\"5709\" class=\"elementor elementor-5709 elementor-3826\" data-elementor-post-type=\"page\">\n\t\t\t\t<div class=\"elementor-element elementor-element-7b8626e e-con-full e-flex e-con e-parent\" data-id=\"7b8626e\" data-element_type=\"container\" data-e-type=\"container\" data-settings=\"{&quot;background_background&quot;:&quot;classic&quot;}\">\n\t\t<div class=\"elementor-element elementor-element-1419ff4 e-con-full e-flex e-con e-parent\" data-id=\"1419ff4\" data-element_type=\"container\" data-e-type=\"container\">\n\t\t\t\t<div class=\"elementor-element elementor-element-4d3eed5 elementor-widget elementor-widget-heading\" data-id=\"4d3eed5\" data-element_type=\"widget\" data-e-type=\"widget\" data-widget_type=\"heading.default\">\n\t\t\t\t<div class=\"elementor-widget-container\">\n\t\t\t\t\t<h1 class=\"elementor-heading-title elementor-size-default\">NOSALTRES<\/h1>\t\t\t\t<\/div>\n\t\t\t\t<\/div>\n\t\t\t\t<div class=\"elementor-element elementor-element-3277e6f elementor-widget elementor-widget-heading\" data-id=\"3277e6f\" data-element_type=\"widget\" data-e-type=\"widget\" data-widget_type=\"heading.default\">\n\t\t\t\t<div class=\"elementor-widget-container\">\n\t\t\t\t\t<p class=\"elementor-heading-title elementor-size-default\">En AXC Projects ens dediquem a realitzar projectes de construcci\u00f3 en els quals la fusta \u00e9s l'element principal.<\/p>\t\t\t\t<\/div>\n\t\t\t\t<\/div>\n\t\t\t\t<div class=\"elementor-element elementor-element-3751c21 elementor-widget elementor-widget-heading\" data-id=\"3751c21\" data-element_type=\"widget\" data-e-type=\"widget\" data-widget_type=\"heading.default\">\n\t\t\t\t<div class=\"elementor-widget-container\">\n\t\t\t\t\t<p class=\"elementor-heading-title elementor-size-default\">En AXC Projects la nostra gent \u00e9s la clau del nostre \u00e8xit\n<\/p>\t\t\t\t<\/div>\n\t\t\t\t<\/div>\n\t\t\t\t<div class=\"elementor-element elementor-element-bec611d elementor-hidden-desktop elementor-hidden-tablet elementor-hidden-mobile elementor-widget elementor-widget-html\" data-id=\"bec611d\" data-element_type=\"widget\" data-e-type=\"widget\" data-widget_type=\"html.default\">\n\t\t\t\t<div class=\"elementor-widget-container\">\n\t\t\t\t\t<script>document.addEventListener('DOMContentLoaded', function() {\n    var submenu = document.querySelector('.projectsMenu');\n    var offset = 600; \/\/ Cambia este valor seg\u00fan el punto en el que deseas mostrar el submen\u00fa\n\n    window.addEventListener('scroll', function() {\n        if (window.pageYOffset > offset) {\n            submenu.classList.add('sticky');\n        } else {\n            submenu.classList.remove('sticky');\n        }\n    });\n});\n<\/script>\t\t\t\t<\/div>\n\t\t\t\t<\/div>\n\t\t<div class=\"elementor-element elementor-element-80847ba e-con-full e-flex e-con e-parent\" data-id=\"80847ba\" data-element_type=\"container\" data-e-type=\"container\">\n\t\t\t\t<div class=\"elementor-element elementor-element-36821e0 boton elementor-widget elementor-widget-button\" data-id=\"36821e0\" data-element_type=\"widget\" data-e-type=\"widget\" data-widget_type=\"button.default\">\n\t\t\t\t<div class=\"elementor-widget-container\">\n\t\t\t\t\t\t\t\t\t<div class=\"elementor-button-wrapper\">\n\t\t\t\t\t<a class=\"elementor-button elementor-button-link elementor-size-sm\" href=\"#mision\">\n\t\t\t\t\t\t<span class=\"elementor-button-content-wrapper\">\n\t\t\t\t\t\t\t\t\t<span class=\"elementor-button-text\">valors<\/span>\n\t\t\t\t\t<\/span>\n\t\t\t\t\t<\/a>\n\t\t\t\t<\/div>\n\t\t\t\t\t\t\t\t<\/div>\n\t\t\t\t<\/div>\n\t\t\t\t<div class=\"elementor-element elementor-element-9843b05 boton elementor-widget elementor-widget-button\" data-id=\"9843b05\" data-element_type=\"widget\" data-e-type=\"widget\" data-widget_type=\"button.default\">\n\t\t\t\t<div class=\"elementor-widget-container\">\n\t\t\t\t\t\t\t\t\t<div class=\"elementor-button-wrapper\">\n\t\t\t\t\t<a class=\"elementor-button elementor-button-link elementor-size-sm\" href=\"#servicios\">\n\t\t\t\t\t\t<span class=\"elementor-button-content-wrapper\">\n\t\t\t\t\t\t\t\t\t<span class=\"elementor-button-text\">QU\u00c8 OFERIM?<\/span>\n\t\t\t\t\t<\/span>\n\t\t\t\t\t<\/a>\n\t\t\t\t<\/div>\n\t\t\t\t\t\t\t\t<\/div>\n\t\t\t\t<\/div>\n\t\t\t\t<div class=\"elementor-element elementor-element-f5356a3 boton elementor-widget elementor-widget-button\" data-id=\"f5356a3\" data-element_type=\"widget\" data-e-type=\"widget\" data-widget_type=\"button.default\">\n\t\t\t\t<div class=\"elementor-widget-container\">\n\t\t\t\t\t\t\t\t\t<div class=\"elementor-button-wrapper\">\n\t\t\t\t\t<a class=\"elementor-button elementor-button-link elementor-size-sm\" href=\"#hacemos\">\n\t\t\t\t\t\t<span class=\"elementor-button-content-wrapper\">\n\t\t\t\t\t\t\t\t\t<span class=\"elementor-button-text\">COM HO FEM?<\/span>\n\t\t\t\t\t<\/span>\n\t\t\t\t\t<\/a>\n\t\t\t\t<\/div>\n\t\t\t\t\t\t\t\t<\/div>\n\t\t\t\t<\/div>\n\t\t\t\t<\/div>\n\t\t\t\t<\/div>\n\t\t\t\t<\/div>\n\t\t<div class=\"elementor-element elementor-element-3ad4070 e-con-full e-flex e-con e-parent\" data-id=\"3ad4070\" data-element_type=\"container\" data-e-type=\"container\" id=\"mision\">\n\t\t\t\t<\/div>\n\t\t<div class=\"elementor-element elementor-element-0b55a87 e-con-full e-flex e-con e-parent\" data-id=\"0b55a87\" data-element_type=\"container\" data-e-type=\"container\" data-settings=\"{&quot;background_background&quot;:&quot;classic&quot;}\">\n\t\t<div class=\"elementor-element elementor-element-6e578ff e-con-full e-flex e-con e-parent\" data-id=\"6e578ff\" data-element_type=\"container\" data-e-type=\"container\" data-settings=\"{&quot;background_background&quot;:&quot;classic&quot;}\">\n\t\t\t\t<div class=\"elementor-element elementor-element-5c2d7ad elementor-widget elementor-widget-heading\" data-id=\"5c2d7ad\" data-element_type=\"widget\" data-e-type=\"widget\" data-widget_type=\"heading.default\">\n\t\t\t\t<div class=\"elementor-widget-container\">\n\t\t\t\t\t<h2 class=\"elementor-heading-title elementor-size-default\">VALORS<\/h2>\t\t\t\t<\/div>\n\t\t\t\t<\/div>\n\t\t\t\t<div class=\"elementor-element elementor-element-bab48e0 elementor-widget elementor-widget-text-editor\" data-id=\"bab48e0\" data-element_type=\"widget\" data-e-type=\"widget\" data-widget_type=\"text-editor.default\">\n\t\t\t\t<div class=\"elementor-widget-container\">\n\t\t\t\t\t\t\t\t\t<p><strong>EL FACTOR HUM\u00c0:<\/strong> La nostra gent \u00e9s la clau del nostre \u00e8xit.<\/p>\n<p><strong> HONESTEDAT I \u00c8TICA:<\/strong> Tenim principis i les nostres accions sempre s\u00f3n honestes, ja que mantenir la nostra integritat \u00e9s important.<\/p>\n<p><strong>ORIENTACI\u00d3 AL CLIENT:<\/strong> Les nostres accions sempre estan projectades a afegir valor per a aconseguir la satisfacci\u00f3 i lleialtat dels nostres clients.<\/p>\n<p><strong>MILLORA CONT\u00cdNUA, FORMACI\u00d3 I DESENVOLUPAMENT TECNOL\u00d2GIC:<\/strong> Creiem a avan\u00e7ar utilitzant processos innovadors i noves tecnologies i ens formem regularment.<\/p>\n<p><strong>LA COMUNITAT, EL MEDI AMBIENT I LA QUALITAT: <\/strong> Respectamos y nos integramos en las comunidades donde hacemos negocios, observando la sostenibilidad del medio ambiente y siendo fieles a los procesos de calidad.<\/p>\n\t\t\t\t\t\t\t\t<\/div>\n\t\t\t\t<\/div>\n\t\t\t\t<\/div>\n\t\t\t\t<\/div>\n\t\t<div class=\"elementor-element elementor-element-c93aba8 e-con-full e-flex e-con e-parent\" data-id=\"c93aba8\" data-element_type=\"container\" data-e-type=\"container\" id=\"servicios\">\n\t\t\t\t<\/div>\n\t\t<div class=\"elementor-element elementor-element-c30a94e e-con-full e-flex e-con e-parent\" data-id=\"c30a94e\" data-element_type=\"container\" data-e-type=\"container\" data-settings=\"{&quot;background_background&quot;:&quot;classic&quot;}\">\n\t\t<div class=\"elementor-element elementor-element-bc9de09 e-con-full e-flex e-con e-parent\" data-id=\"bc9de09\" data-element_type=\"container\" data-e-type=\"container\" data-settings=\"{&quot;background_background&quot;:&quot;classic&quot;}\">\n\t\t\t\t<div class=\"elementor-element elementor-element-dae1294 elementor-widget elementor-widget-heading\" data-id=\"dae1294\" data-element_type=\"widget\" data-e-type=\"widget\" data-widget_type=\"heading.default\">\n\t\t\t\t<div class=\"elementor-widget-container\">\n\t\t\t\t\t<h2 class=\"elementor-heading-title elementor-size-default\">QU\u00c8 OFERIM?<\/h2>\t\t\t\t<\/div>\n\t\t\t\t<\/div>\n\t\t\t\t<div class=\"elementor-element elementor-element-8e387fd elementor-widget elementor-widget-text-editor\" data-id=\"8e387fd\" data-element_type=\"widget\" data-e-type=\"widget\" data-widget_type=\"text-editor.default\">\n\t\t\t\t<div class=\"elementor-widget-container\">\n\t\t\t\t\t\t\t\t\t<p>Atenci\u00f3 personalitzada amb els nostres clients<\/p>\n<p>Assessorament t\u00e8cnic i expert en estudi de les necessitats<\/p>\n<p>Interacci\u00f3 amb el client amb propostes d&#8217;alternatives i millores optimitzades<\/p>\n<p>Equip t\u00e8cnic expert en projectes on l&#8217;element principal sigui la fusta<\/p>\n<p>Assessorament, valoraci\u00f3 , execuci\u00f3 i seguiment personalitzat del projecte<\/p>\n<p>Empatitzar amb el nostre client per a consensuar l&#8217;aplicaci\u00f3 de la soluci\u00f3 \u00f2ptima<\/p>\n\t\t\t\t\t\t\t\t<\/div>\n\t\t\t\t<\/div>\n\t\t\t\t<\/div>\n\t\t\t\t<\/div>\n\t\t<div class=\"elementor-element elementor-element-15c889a e-con-full e-flex e-con e-parent\" data-id=\"15c889a\" data-element_type=\"container\" data-e-type=\"container\" id=\"hacemos\">\n\t\t\t\t<\/div>\n\t\t<div class=\"elementor-element elementor-element-79ad928 e-con-full e-flex e-con e-parent\" data-id=\"79ad928\" data-element_type=\"container\" data-e-type=\"container\" data-settings=\"{&quot;background_background&quot;:&quot;classic&quot;}\">\n\t\t<div class=\"elementor-element elementor-element-ed76cc7 e-con-full e-flex e-con e-parent\" data-id=\"ed76cc7\" data-element_type=\"container\" data-e-type=\"container\" data-settings=\"{&quot;background_background&quot;:&quot;classic&quot;}\">\n\t\t\t\t<div class=\"elementor-element elementor-element-bc78ee5 elementor-widget elementor-widget-heading\" data-id=\"bc78ee5\" data-element_type=\"widget\" data-e-type=\"widget\" data-widget_type=\"heading.default\">\n\t\t\t\t<div class=\"elementor-widget-container\">\n\t\t\t\t\t<h2 class=\"elementor-heading-title elementor-size-default\">COM HO FEM?<\/h2>\t\t\t\t<\/div>\n\t\t\t\t<\/div>\n\t\t\t\t<div class=\"elementor-element elementor-element-6961827 elementor-widget elementor-widget-text-editor\" data-id=\"6961827\" data-element_type=\"widget\" data-e-type=\"widget\" data-widget_type=\"text-editor.default\">\n\t\t\t\t<div class=\"elementor-widget-container\">\n\t\t\t\t\t\t\t\t\t<p>Com a enginyeria especialitzada en projectes on l&#8217;element principal \u00e9s la fusta aportem les soluci\u00f3 t\u00e8cniques a les idees dels nostres clients, i l&#8217;experi\u00e8ncia necess\u00e0ria per a afrontar projectes de qualitat i renom, com poden avalar alguns dels principals clients i professionals del sector.<\/p>\n\t\t\t\t\t\t\t\t<\/div>\n\t\t\t\t<\/div>\n\t\t\t\t<div class=\"elementor-element elementor-element-5ec5a37 elementor-widget elementor-widget-text-editor\" data-id=\"5ec5a37\" data-element_type=\"widget\" data-e-type=\"widget\" data-widget_type=\"text-editor.default\">\n\t\t\t\t<div class=\"elementor-widget-container\">\n\t\t\t\t\t\t\t\t\t<p>En enfocar un projecte com la suma de diverses accions a realitzar, aportant valor a cadascuna d&#8217;elles, entenem i atenem les necessitat del nostre client fins al lliurament final del projecte, complint terminis i qualitats pactades. Aportem el nostre KNOW-HOW amb alternatives constructives, t\u00e8cniques i econ\u00f2miques, en cerca de la soluci\u00f3 \u00f2ptima per al nostre client, oferint si fos necessari un servei integral de fabricaci\u00f3 i col\u00b7locaci\u00f3.<\/p>\n\t\t\t\t\t\t\t\t<\/div>\n\t\t\t\t<\/div>\n\t\t\t\t<div class=\"elementor-element elementor-element-c571e46 elementor-widget elementor-widget-text-editor\" data-id=\"c571e46\" data-element_type=\"widget\" data-e-type=\"widget\" data-widget_type=\"text-editor.default\">\n\t\t\t\t<div class=\"elementor-widget-container\">\n\t\t\t\t\t\t\t\t\t\nEns integrar-nos en els equips multidisciplinaris que executen l&#8217;obra. Per aix\u00f2 sabem que l&#8217;\u00fanica manera d&#8217;obtenir l&#8217;\u00e8xit \u00e9s ser sensibles a les necessitats i ritmes que es plantegen en cadascuna de les seves fases. Nom\u00e9s aix\u00ed, aportant criteri i flexibilitat, els projectes aconsegueixen els seus objectius i l&#8217;\u00e8xit.\t\t\t\t\t\t\t\t<\/div>\n\t\t\t\t<\/div>\n\t\t\t\t<div class=\"elementor-element elementor-element-bfc9ad8 elementor-widget elementor-widget-text-editor\" data-id=\"bfc9ad8\" data-element_type=\"widget\" data-e-type=\"widget\" data-widget_type=\"text-editor.default\">\n\t\t\t\t<div class=\"elementor-widget-container\">\n\t\t\t\t\t\t\t\t\t<p>Interpretant idees, comprenent necessitats, executant enc\u00e0rrecs i complint els nostres compromisos, en AXC Projects hem arribat a ser experts a crear espais.<\/p>\n\t\t\t\t\t\t\t\t<\/div>\n\t\t\t\t<\/div>\n\t\t\t\t<div class=\"elementor-element elementor-element-9683484 elementor-widget elementor-widget-text-editor\" data-id=\"9683484\" data-element_type=\"widget\" data-e-type=\"widget\" data-widget_type=\"text-editor.default\">\n\t\t\t\t<div class=\"elementor-widget-container\">\n\t\t\t\t\t\t\t\t\t<p>Treballem cont\u00ednuament per a mantenir una organitzaci\u00f3 que doni resposta a totes les necessitats empresarials. Entendre correctament el rol que cadascuna de les nostres persones juga en l&#8217;organitzaci\u00f3 ens permet disposar dels equips idonis per a afrontar els projectes amb un alt nivell de rendiment.<\/p>\n\t\t\t\t\t\t\t\t<\/div>\n\t\t\t\t<\/div>\n\t\t\t\t<\/div>\n\t\t\t\t<\/div>\n\t\t<div class=\"elementor-element elementor-element-43c43bf e-con-full elementor-hidden-tablet elementor-hidden-mobile e-flex e-con e-parent\" data-id=\"43c43bf\" data-element_type=\"container\" data-e-type=\"container\">\n\t\t<div class=\"elementor-element elementor-element-490faec e-con-full projectsMenu e-flex e-con e-parent\" data-id=\"490faec\" data-element_type=\"container\" data-e-type=\"container\" data-settings=\"{&quot;background_background&quot;:&quot;classic&quot;,&quot;position&quot;:&quot;fixed&quot;}\">\n\t\t\t\t<div class=\"elementor-element elementor-element-8898a14 elementor-widget elementor-widget-button\" data-id=\"8898a14\" data-element_type=\"widget\" data-e-type=\"widget\" data-widget_type=\"button.default\">\n\t\t\t\t<div class=\"elementor-widget-container\">\n\t\t\t\t\t\t\t\t\t<div class=\"elementor-button-wrapper\">\n\t\t\t\t\t<a class=\"elementor-button elementor-button-link elementor-size-md\" href=\"#mision\">\n\t\t\t\t\t\t<span class=\"elementor-button-content-wrapper\">\n\t\t\t\t\t\t\t\t\t<span class=\"elementor-button-text\">VALORS<\/span>\n\t\t\t\t\t<\/span>\n\t\t\t\t\t<\/a>\n\t\t\t\t<\/div>\n\t\t\t\t\t\t\t\t<\/div>\n\t\t\t\t<\/div>\n\t\t\t\t<div class=\"elementor-element elementor-element-343aabe elementor-widget elementor-widget-button\" data-id=\"343aabe\" data-element_type=\"widget\" data-e-type=\"widget\" data-widget_type=\"button.default\">\n\t\t\t\t<div class=\"elementor-widget-container\">\n\t\t\t\t\t\t\t\t\t<div class=\"elementor-button-wrapper\">\n\t\t\t\t\t<a class=\"elementor-button elementor-button-link elementor-size-md\" href=\"#servicios\">\n\t\t\t\t\t\t<span class=\"elementor-button-content-wrapper\">\n\t\t\t\t\t\t\t\t\t<span class=\"elementor-button-text\">QU\u00c8 OFERIM?<\/span>\n\t\t\t\t\t<\/span>\n\t\t\t\t\t<\/a>\n\t\t\t\t<\/div>\n\t\t\t\t\t\t\t\t<\/div>\n\t\t\t\t<\/div>\n\t\t\t\t<div class=\"elementor-element elementor-element-97fd625 elementor-widget elementor-widget-button\" data-id=\"97fd625\" data-element_type=\"widget\" data-e-type=\"widget\" data-widget_type=\"button.default\">\n\t\t\t\t<div class=\"elementor-widget-container\">\n\t\t\t\t\t\t\t\t\t<div class=\"elementor-button-wrapper\">\n\t\t\t\t\t<a class=\"elementor-button elementor-button-link elementor-size-md\" href=\"#hacemos\">\n\t\t\t\t\t\t<span class=\"elementor-button-content-wrapper\">\n\t\t\t\t\t\t\t\t\t<span class=\"elementor-button-text\">COM HO FEM?<\/span>\n\t\t\t\t\t<\/span>\n\t\t\t\t\t<\/a>\n\t\t\t\t<\/div>\n\t\t\t\t\t\t\t\t<\/div>\n\t\t\t\t<\/div>\n\t\t\t\t<\/div>\n\t\t\t\t<\/div>\n\t\t\t\t<\/div>\n\t\t","protected":false},"excerpt":{"rendered":"<p>NOSALTRES En AXC Projects ens dediquem a realitzar projectes de construcci\u00f3 en [&hellip;]<\/p>\n","protected":false},"author":1,"featured_media":0,"parent":0,"menu_order":0,"comment_status":"closed","ping_status":"closed","template":"","meta":{"footnotes":""},"class_list":["post-5709","page","type-page","status-publish","hentry"],"yoast_head":"<!-- This site is optimized with the Yoast SEO plugin v27.5 - https:\/\/yoast.com\/product\/yoast-seo-wordpress\/ -->\n<title>Nosaltres - AXC Projects<\/title>\n<meta name=\"robots\" content=\"index, follow, max-snippet:-1, max-image-preview:large, max-video-preview:-1\" \/>\n<link rel=\"canonical\" href=\"https:\/\/realizamostuproyecto.com\/ca\/nosaltres\/\" \/>\n<meta property=\"og:locale\" content=\"ca_ES\" \/>\n<meta property=\"og:type\" content=\"article\" \/>\n<meta property=\"og:title\" content=\"Nosaltres - AXC Projects\" \/>\n<meta property=\"og:description\" content=\"NOSALTRES En AXC Projects ens dediquem a realitzar projectes de construcci\u00f3 en [&hellip;]\" \/>\n<meta property=\"og:url\" content=\"https:\/\/realizamostuproyecto.com\/ca\/nosaltres\/\" \/>\n<meta property=\"og:site_name\" content=\"AXC Projects\" \/>\n<meta property=\"article:modified_time\" content=\"2023-09-19T09:43:27+00:00\" \/>\n<meta name=\"twitter:card\" content=\"summary_large_image\" \/>\n<meta name=\"twitter:label1\" content=\"Temps estimat de lectura\" \/>\n\t<meta name=\"twitter:data1\" content=\"2 minuts\" \/>\n<script type=\"application\/ld+json\" class=\"yoast-schema-graph\">{\"@context\":\"https:\\\/\\\/schema.org\",\"@graph\":[{\"@type\":\"WebPage\",\"@id\":\"https:\\\/\\\/realizamostuproyecto.com\\\/ca\\\/nosaltres\\\/\",\"url\":\"https:\\\/\\\/realizamostuproyecto.com\\\/ca\\\/nosaltres\\\/\",\"name\":\"Nosaltres - AXC Projects\",\"isPartOf\":{\"@id\":\"https:\\\/\\\/realizamostuproyecto.com\\\/#website\"},\"datePublished\":\"2023-08-29T09:01:59+00:00\",\"dateModified\":\"2023-09-19T09:43:27+00:00\",\"breadcrumb\":{\"@id\":\"https:\\\/\\\/realizamostuproyecto.com\\\/ca\\\/nosaltres\\\/#breadcrumb\"},\"inLanguage\":\"ca\",\"potentialAction\":[{\"@type\":\"ReadAction\",\"target\":[\"https:\\\/\\\/realizamostuproyecto.com\\\/ca\\\/nosaltres\\\/\"]}]},{\"@type\":\"BreadcrumbList\",\"@id\":\"https:\\\/\\\/realizamostuproyecto.com\\\/ca\\\/nosaltres\\\/#breadcrumb\",\"itemListElement\":[{\"@type\":\"ListItem\",\"position\":1,\"name\":\"Portada\",\"item\":\"https:\\\/\\\/realizamostuproyecto.com\\\/ca\\\/inici\\\/\"},{\"@type\":\"ListItem\",\"position\":2,\"name\":\"Nosaltres\"}]},{\"@type\":\"WebSite\",\"@id\":\"https:\\\/\\\/realizamostuproyecto.com\\\/#website\",\"url\":\"https:\\\/\\\/realizamostuproyecto.com\\\/\",\"name\":\"AXC Projects\",\"description\":\"\",\"potentialAction\":[{\"@type\":\"SearchAction\",\"target\":{\"@type\":\"EntryPoint\",\"urlTemplate\":\"https:\\\/\\\/realizamostuproyecto.com\\\/?s={search_term_string}\"},\"query-input\":{\"@type\":\"PropertyValueSpecification\",\"valueRequired\":true,\"valueName\":\"search_term_string\"}}],\"inLanguage\":\"ca\"}]}<\/script>\n<!-- \/ Yoast SEO plugin. -->","yoast_head_json":{"title":"Nosaltres - AXC Projects","robots":{"index":"index","follow":"follow","max-snippet":"max-snippet:-1","max-image-preview":"max-image-preview:large","max-video-preview":"max-video-preview:-1"},"canonical":"https:\/\/realizamostuproyecto.com\/ca\/nosaltres\/","og_locale":"ca_ES","og_type":"article","og_title":"Nosaltres - AXC Projects","og_description":"NOSALTRES En AXC Projects ens dediquem a realitzar projectes de construcci\u00f3 en [&hellip;]","og_url":"https:\/\/realizamostuproyecto.com\/ca\/nosaltres\/","og_site_name":"AXC Projects","article_modified_time":"2023-09-19T09:43:27+00:00","twitter_card":"summary_large_image","twitter_misc":{"Temps estimat de lectura":"2 minuts"},"schema":{"@context":"https:\/\/schema.org","@graph":[{"@type":"WebPage","@id":"https:\/\/realizamostuproyecto.com\/ca\/nosaltres\/","url":"https:\/\/realizamostuproyecto.com\/ca\/nosaltres\/","name":"Nosaltres - AXC Projects","isPartOf":{"@id":"https:\/\/realizamostuproyecto.com\/#website"},"datePublished":"2023-08-29T09:01:59+00:00","dateModified":"2023-09-19T09:43:27+00:00","breadcrumb":{"@id":"https:\/\/realizamostuproyecto.com\/ca\/nosaltres\/#breadcrumb"},"inLanguage":"ca","potentialAction":[{"@type":"ReadAction","target":["https:\/\/realizamostuproyecto.com\/ca\/nosaltres\/"]}]},{"@type":"BreadcrumbList","@id":"https:\/\/realizamostuproyecto.com\/ca\/nosaltres\/#breadcrumb","itemListElement":[{"@type":"ListItem","position":1,"name":"Portada","item":"https:\/\/realizamostuproyecto.com\/ca\/inici\/"},{"@type":"ListItem","position":2,"name":"Nosaltres"}]},{"@type":"WebSite","@id":"https:\/\/realizamostuproyecto.com\/#website","url":"https:\/\/realizamostuproyecto.com\/","name":"AXC Projects","description":"","potentialAction":[{"@type":"SearchAction","target":{"@type":"EntryPoint","urlTemplate":"https:\/\/realizamostuproyecto.com\/?s={search_term_string}"},"query-input":{"@type":"PropertyValueSpecification","valueRequired":true,"valueName":"search_term_string"}}],"inLanguage":"ca"}]}},"_links":{"self":[{"href":"https:\/\/realizamostuproyecto.com\/ca\/wp-json\/wp\/v2\/pages\/5709","targetHints":{"allow":["GET"]}}],"collection":[{"href":"https:\/\/realizamostuproyecto.com\/ca\/wp-json\/wp\/v2\/pages"}],"about":[{"href":"https:\/\/realizamostuproyecto.com\/ca\/wp-json\/wp\/v2\/types\/page"}],"author":[{"embeddable":true,"href":"https:\/\/realizamostuproyecto.com\/ca\/wp-json\/wp\/v2\/users\/1"}],"replies":[{"embeddable":true,"href":"https:\/\/realizamostuproyecto.com\/ca\/wp-json\/wp\/v2\/comments?post=5709"}],"version-history":[{"count":1,"href":"https:\/\/realizamostuproyecto.com\/ca\/wp-json\/wp\/v2\/pages\/5709\/revisions"}],"predecessor-version":[{"id":5711,"href":"https:\/\/realizamostuproyecto.com\/ca\/wp-json\/wp\/v2\/pages\/5709\/revisions\/5711"}],"wp:attachment":[{"href":"https:\/\/realizamostuproyecto.com\/ca\/wp-json\/wp\/v2\/media?parent=5709"}],"curies":[{"name":"wp","href":"https:\/\/api.w.org\/{rel}","templated":true}]}}